{"id":781,"date":"2023-08-29T16:46:22","date_gmt":"2023-08-29T19:46:22","guid":{"rendered":"http:\/\/afluenciapodcast.com.br\/dev\/?page_id=781"},"modified":"2023-09-20T14:40:28","modified_gmt":"2023-09-20T17:40:28","slug":"sobre-nos","status":"publish","type":"page","link":"https:\/\/afluenciapodcast.com.br\/dev\/sobre-nos\/","title":{"rendered":"Sobre n\u00f3s"},"content":{"rendered":"\t\t<div data-elementor-type=\"wp-page\" data-elementor-id=\"781\" class=\"elementor elementor-781\">\n\t\t\t\t\t\t<section class=\"elementor-section elementor-top-section elementor-element elementor-element-7d255b6b elementor-section-full_width elementor-section-height-min-height elementor-section-stretched elementor-section-height-default elementor-section-items-middle\" data-id=\"7d255b6b\" data-element_type=\"section\" data-settings=\"{&quot;stretch_section&quot;:&quot;section-stretched&quot;,&quot;background_background&quot;:&quot;classic&quot;}\">\n\t\t\t\t\t\t<div class=\"elementor-container elementor-column-gap-default\">\n\t\t\t\t\t<div class=\"elementor-column elementor-col-100 elementor-top-column elementor-element elementor-element-50e92d50\" data-id=\"50e92d50\" data-element_type=\"column\">\n\t\t\t<div class=\"elementor-widget-wrap elementor-element-populated\">\n\t\t\t\t\t\t<div class=\"elementor-element elementor-element-d14f8e9 elementor-widget elementor-widget-image\" data-id=\"d14f8e9\" data-element_type=\"widget\" data-widget_type=\"image.default\">\n\t\t\t\t<div class=\"elementor-widget-container\">\n\t\t\t<style>\/*! elementor - v3.21.0 - 18-04-2024 *\/\n.elementor-widget-image{text-align:center}.elementor-widget-image a{display:inline-block}.elementor-widget-image a img[src$=\".svg\"]{width:48px}.elementor-widget-image img{vertical-align:middle;display:inline-block}<\/style>\t\t\t\t\t\t\t\t\t\t<img fetchpriority=\"high\" decoding=\"async\" width=\"1920\" height=\"768\" src=\"https:\/\/afluenciapodcast.com.br\/dev\/wp-content\/uploads\/2023\/08\/bg-sobre.png\" class=\"attachment-full size-full wp-image-784\" alt=\"\" srcset=\"https:\/\/afluenciapodcast.com.br\/dev\/wp-content\/uploads\/2023\/08\/bg-sobre.png 1920w, https:\/\/afluenciapodcast.com.br\/dev\/wp-content\/uploads\/2023\/08\/bg-sobre-300x120.png 300w, https:\/\/afluenciapodcast.com.br\/dev\/wp-content\/uploads\/2023\/08\/bg-sobre-1024x410.png 1024w, https:\/\/afluenciapodcast.com.br\/dev\/wp-content\/uploads\/2023\/08\/bg-sobre-768x307.png 768w, https:\/\/afluenciapodcast.com.br\/dev\/wp-content\/uploads\/2023\/08\/bg-sobre-1536x614.png 1536w\" sizes=\"(max-width: 1920px) 100vw, 1920px\" \/>\t\t\t\t\t\t\t\t\t\t\t\t\t<\/div>\n\t\t\t\t<\/div>\n\t\t\t\t\t<\/div>\n\t\t<\/div>\n\t\t\t\t\t<\/div>\n\t\t<\/section>\n\t\t\t\t<section class=\"elementor-section elementor-top-section elementor-element elementor-element-7579b005 elementor-section-full_width elementor-section-stretched elementor-section-height-default elementor-section-height-default\" data-id=\"7579b005\" data-element_type=\"section\" data-settings=\"{&quot;stretch_section&quot;:&quot;section-stretched&quot;,&quot;background_background&quot;:&quot;classic&quot;}\">\n\t\t\t\t\t\t<div class=\"elementor-container elementor-column-gap-default\">\n\t\t\t\t\t<div class=\"elementor-column elementor-col-100 elementor-top-column elementor-element elementor-element-1cc07764\" data-id=\"1cc07764\" data-element_type=\"column\">\n\t\t\t<div class=\"elementor-widget-wrap elementor-element-populated\">\n\t\t\t\t\t\t<section class=\"elementor-section elementor-inner-section elementor-element elementor-element-6ea62f92 elementor-section-full_width elementor-section-height-default elementor-section-height-default\" data-id=\"6ea62f92\" data-element_type=\"section\">\n\t\t\t\t\t\t<div class=\"elementor-container elementor-column-gap-no\">\n\t\t\t\t\t<div class=\"elementor-column elementor-col-50 elementor-inner-column elementor-element elementor-element-fe05067\" data-id=\"fe05067\" data-element_type=\"column\">\n\t\t\t<div class=\"elementor-widget-wrap elementor-element-populated\">\n\t\t\t\t\t\t<div class=\"elementor-element elementor-element-52766abe before-title elementor-widget elementor-widget-heading\" data-id=\"52766abe\" data-element_type=\"widget\" data-widget_type=\"heading.default\">\n\t\t\t\t<div class=\"elementor-widget-container\">\n\t\t\t<style>\/*! elementor - v3.21.0 - 18-04-2024 *\/\n.elementor-heading-title{padding:0;margin:0;line-height:1}.elementor-widget-heading .elementor-heading-title[class*=elementor-size-]>a{color:inherit;font-size:inherit;line-height:inherit}.elementor-widget-heading .elementor-heading-title.elementor-size-small{font-size:15px}.elementor-widget-heading .elementor-heading-title.elementor-size-medium{font-size:19px}.elementor-widget-heading .elementor-heading-title.elementor-size-large{font-size:29px}.elementor-widget-heading .elementor-heading-title.elementor-size-xl{font-size:39px}.elementor-widget-heading .elementor-heading-title.elementor-size-xxl{font-size:59px}<\/style><h2 class=\"elementor-heading-title elementor-size-default\">AFlu\u00eancia, o canal de<br>\npodcasts das<br>\nAlian\u00e7as Francesas<br>\ndo Brasil<\/h2>\t\t<\/div>\n\t\t\t\t<\/div>\n\t\t\t\t\t<\/div>\n\t\t<\/div>\n\t\t\t\t<div class=\"elementor-column elementor-col-50 elementor-inner-column elementor-element elementor-element-1a2655b5\" data-id=\"1a2655b5\" data-element_type=\"column\">\n\t\t\t<div class=\"elementor-widget-wrap elementor-element-populated\">\n\t\t\t\t\t\t<div class=\"elementor-element elementor-element-725ad672 elementor-widget__width-initial elementor-widget elementor-widget-text-editor\" data-id=\"725ad672\" data-element_type=\"widget\" data-widget_type=\"text-editor.default\">\n\t\t\t\t<div class=\"elementor-widget-container\">\n\t\t\t<style>\/*! elementor - v3.21.0 - 18-04-2024 *\/\n.elementor-widget-text-editor.elementor-drop-cap-view-stacked .elementor-drop-cap{background-color:#69727d;color:#fff}.elementor-widget-text-editor.elementor-drop-cap-view-framed .elementor-drop-cap{color:#69727d;border:3px solid;background-color:transparent}.elementor-widget-text-editor:not(.elementor-drop-cap-view-default) .elementor-drop-cap{margin-top:8px}.elementor-widget-text-editor:not(.elementor-drop-cap-view-default) .elementor-drop-cap-letter{width:1em;height:1em}.elementor-widget-text-editor .elementor-drop-cap{float:left;text-align:center;line-height:1;font-size:50px}.elementor-widget-text-editor .elementor-drop-cap-letter{display:inline-block}<\/style>\t\t\t\t<p><span style=\"font-weight: 400;\">As Alian\u00e7as Francesas do Brasil, com o apoio da Embaixada da Fran\u00e7a no Brasil, lan\u00e7aram o canal de podcasts <\/span><b>AFlu\u00eancia <\/b><span style=\"font-weight: 400;\">\u00a0em abril 2021. Com foco na difus\u00e3o de conte\u00fado pedag\u00f3gico e cultural sobre a l\u00edngua francesa, o canal re\u00fane diferentes s\u00e9ries de podcasts regulares que estreiam cada ter\u00e7a-feira, como entrevistas com artistas e profissionais franceses e brasileiros (T\u00eate-\u00e0-T\u00eate &#8211; 1era ter\u00e7a-feira do m\u00eas), leitura de livros em franc\u00eas (Entrelinhas &#8211; 2da ter\u00e7a-feira do m\u00eas), c\u00e1psulas com dicas para aprender o idioma (En Fran\u00e7ais, s\u2019il vous pla\u00eet! &#8211; \u00faltima ter\u00e7a-feira do m\u00eas), assim como \u201cpop\u2019casts\u201d tem\u00e1ticos; podcasts que\u00a0 funcionam com temporadas, geralmente compostos por s\u00e9ries com um n\u00famero definido de epis\u00f3dios.<\/span><\/p><p><span style=\"font-weight: 400;\">O canal <\/span><b>AFlu\u00eancia <\/b><span style=\"font-weight: 400;\">foi idealizado com o objetivo de difundir a l\u00edngua francesa e seu aprendizado, sendo tamb\u00e9m uma ferramenta de produ\u00e7\u00e3o de conte\u00fado sobre a cultura francesa e outras culturas franc\u00f3fonas. O podcast \u00e9 uma ferramenta atual e importante no desenvolvimento das compet\u00eancias individuais durante o aprendizado de um idioma, e os conte\u00fados difundidos no canal Aflu\u00eancia poder\u00e3o ser utilizados tanto pelos professores em sala de aula, pelos alunos em autonomia, e pelos amantes das culturas francesas e franc\u00f3fonas.<\/span><\/p><p><span style=\"font-weight: 400;\">Publicamos sempre nas ter\u00e7as-feiras !<\/span><\/p><p><span style=\"font-weight: 400;\">T\u00eate-\u00e0-t\u00eate : 1a ter\u00e7a-feira do m\u00eas<\/span><\/p><p><span style=\"font-weight: 400;\">En Fran\u00e7ais s\u2019il vous pla\u00eet : 2a ter\u00e7a-feira do m\u00eas<\/span><\/p><p><span style=\"font-weight: 400;\">Entrelinhas : 3a ter\u00e7a-feira do m\u00eas<\/span><\/p>\t\t\t\t\t\t<\/div>\n\t\t\t\t<\/div>\n\t\t\t\t\t<\/div>\n\t\t<\/div>\n\t\t\t\t\t<\/div>\n\t\t<\/section>\n\t\t\t\t\t<\/div>\n\t\t<\/div>\n\t\t\t\t\t<\/div>\n\t\t<\/section>\n\t\t\t\t<section class=\"elementor-section elementor-top-section elementor-element elementor-element-7309f12 elementor-section-full_width elementor-section-stretched elementor-section-height-default elementor-section-height-default\" data-id=\"7309f12\" data-element_type=\"section\" data-settings=\"{&quot;stretch_section&quot;:&quot;section-stretched&quot;,&quot;background_background&quot;:&quot;classic&quot;}\">\n\t\t\t\t\t\t<div class=\"elementor-container elementor-column-gap-default\">\n\t\t\t\t\t<div class=\"elementor-column elementor-col-100 elementor-top-column elementor-element elementor-element-f16af3b\" data-id=\"f16af3b\" data-element_type=\"column\">\n\t\t\t<div class=\"elementor-widget-wrap elementor-element-populated\">\n\t\t\t\t\t\t<section class=\"elementor-section elementor-inner-section elementor-element elementor-element-ca46ec4 elementor-section-full_width elementor-section-height-default elementor-section-height-default\" data-id=\"ca46ec4\" data-element_type=\"section\">\n\t\t\t\t\t\t<div class=\"elementor-container elementor-column-gap-no\">\n\t\t\t\t\t<div class=\"elementor-column elementor-col-50 elementor-inner-column elementor-element elementor-element-3397a49\" data-id=\"3397a49\" data-element_type=\"column\">\n\t\t\t<div class=\"elementor-widget-wrap elementor-element-populated\">\n\t\t\t\t\t\t<div class=\"elementor-element elementor-element-42b886d before-title elementor-widget elementor-widget-heading\" data-id=\"42b886d\" data-element_type=\"widget\" data-widget_type=\"heading.default\">\n\t\t\t\t<div class=\"elementor-widget-container\">\n\t\t\t<h2 class=\"elementor-heading-title elementor-size-default\">As Alian\u00e7as<br>\nFrancesas<br>\nno mundo e<br>\nno Brasil<\/h2>\t\t<\/div>\n\t\t\t\t<\/div>\n\t\t\t\t\t<\/div>\n\t\t<\/div>\n\t\t\t\t<div class=\"elementor-column elementor-col-50 elementor-inner-column elementor-element elementor-element-466aab2\" data-id=\"466aab2\" data-element_type=\"column\">\n\t\t\t<div class=\"elementor-widget-wrap elementor-element-populated\">\n\t\t\t\t\t\t<div class=\"elementor-element elementor-element-92e05c3 elementor-widget__width-initial elementor-widget elementor-widget-text-editor\" data-id=\"92e05c3\" data-element_type=\"widget\" data-widget_type=\"text-editor.default\">\n\t\t\t\t<div class=\"elementor-widget-container\">\n\t\t\t\t\t\t\t<p><b><br \/><\/b><span style=\"font-weight: 400;\">Presente em 136 pa\u00edses nos 5 continentes e com mais de 800 estabelecimentos e 500.000 alunos no mundo, a Alian\u00e7a Francesa \u00e9 uma organiza\u00e7\u00e3o francesa cujo objetivo \u00e9 promover a l\u00edngua e a cultura francesas fora da Fran\u00e7a.<\/span><\/p><p><span style=\"font-weight: 400;\">No Brasil, a Alian\u00e7a Francesa est\u00e1 presente desde 1885 e \u00e9 o \u00fanico curso de ensino da l\u00edngua francesa reconhecido pelo Minist\u00e9rio da Educa\u00e7\u00e3o Nacional franc\u00eas.<\/span><\/p><p><span style=\"font-weight: 400;\">Seu primeiro centro foi fundado no Rio de Janeiro, apenas dois anos ap\u00f3s a cria\u00e7\u00e3o da sede, em Paris.<\/span><\/p><p><span style=\"font-weight: 400;\">Com os m\u00e9todos pedag\u00f3gicos e recursos t\u00e9cnicos mais avan\u00e7ados no ensino do franc\u00eas, a rede brasileira conta com 34 Alian\u00e7as Francesas e mais de 60 implanta\u00e7\u00f5es, distribu\u00eddas por praticamente todo o pa\u00eds.<\/span><\/p>\t\t\t\t\t\t<\/div>\n\t\t\t\t<\/div>\n\t\t\t\t\t<\/div>\n\t\t<\/div>\n\t\t\t\t\t<\/div>\n\t\t<\/section>\n\t\t\t\t\t<\/div>\n\t\t<\/div>\n\t\t\t\t\t<\/div>\n\t\t<\/section>\n\t\t\t\t<\/div>\n\t\t","protected":false},"excerpt":{"rendered":"<p>AFlu\u00eancia, o canal de podcasts das Alian\u00e7as Francesas do Brasil As Alian\u00e7as Francesas do Brasil, com o apoio da Embaixada da Fran\u00e7a no Brasil, lan\u00e7aram o canal de podcasts AFlu\u00eancia \u00a0em abril 2021. Com foco na difus\u00e3o de conte\u00fado pedag\u00f3gico e cultural sobre a l\u00edngua francesa, o canal re\u00fane diferentes s\u00e9ries de podcasts regulares que [&hellip;]<\/p>\n","protected":false},"author":2,"featured_media":0,"parent":0,"menu_order":0,"comment_status":"closed","ping_status":"closed","template":"","meta":{"inline_featured_image":false,"footnotes":""},"class_list":["post-781","page","type-page","status-publish","hentry"],"aioseo_notices":[],"_links":{"self":[{"href":"https:\/\/afluenciapodcast.com.br\/dev\/wp-json\/wp\/v2\/pages\/781","targetHints":{"allow":["GET"]}}],"collection":[{"href":"https:\/\/afluenciapodcast.com.br\/dev\/wp-json\/wp\/v2\/pages"}],"about":[{"href":"https:\/\/afluenciapodcast.com.br\/dev\/wp-json\/wp\/v2\/types\/page"}],"author":[{"embeddable":true,"href":"https:\/\/afluenciapodcast.com.br\/dev\/wp-json\/wp\/v2\/users\/2"}],"replies":[{"embeddable":true,"href":"https:\/\/afluenciapodcast.com.br\/dev\/wp-json\/wp\/v2\/comments?post=781"}],"version-history":[{"count":20,"href":"https:\/\/afluenciapodcast.com.br\/dev\/wp-json\/wp\/v2\/pages\/781\/revisions"}],"predecessor-version":[{"id":1432,"href":"https:\/\/afluenciapodcast.com.br\/dev\/wp-json\/wp\/v2\/pages\/781\/revisions\/1432"}],"wp:attachment":[{"href":"https:\/\/afluenciapodcast.com.br\/dev\/wp-json\/wp\/v2\/media?parent=781"}],"curies":[{"name":"wp","href":"https:\/\/api.w.org\/{rel}","templated":true}]}}