{"id":829,"date":"2023-08-31T12:09:01","date_gmt":"2023-08-31T15:09:01","guid":{"rendered":"http:\/\/afluenciapodcast.com.br\/dev\/?page_id=829"},"modified":"2023-09-04T11:47:42","modified_gmt":"2023-09-04T14:47:42","slug":"selecionar-idioma","status":"publish","type":"page","link":"https:\/\/afluenciapodcast.com.br\/dev\/","title":{"rendered":"Selecionar Idioma"},"content":{"rendered":"\t\t<div data-elementor-type=\"wp-page\" data-elementor-id=\"829\" class=\"elementor elementor-829\">\n\t\t\t\t\t\t<section class=\"elementor-section elementor-top-section elementor-element elementor-element-2043fe9 elementor-section-full_width elementor-section-height-min-height elementor-section-items-stretch elementor-section-content-middle elementor-section-height-default\" data-id=\"2043fe9\" data-element_type=\"section\" data-settings=\"{&quot;background_background&quot;:&quot;classic&quot;}\">\n\t\t\t\t\t\t<div class=\"elementor-container elementor-column-gap-no\">\n\t\t\t\t\t<div class=\"elementor-column elementor-col-100 elementor-top-column elementor-element elementor-element-fd02fb9\" data-id=\"fd02fb9\" data-element_type=\"column\">\n\t\t\t<div class=\"elementor-widget-wrap elementor-element-populated\">\n\t\t\t\t\t\t<div class=\"elementor-element elementor-element-98b3480 elementor-widget elementor-widget-image\" data-id=\"98b3480\" data-element_type=\"widget\" data-widget_type=\"image.default\">\n\t\t\t\t<div class=\"elementor-widget-container\">\n\t\t\t<style>\/*! elementor - v3.21.0 - 18-04-2024 *\/\n.elementor-widget-image{text-align:center}.elementor-widget-image a{display:inline-block}.elementor-widget-image a img[src$=\".svg\"]{width:48px}.elementor-widget-image img{vertical-align:middle;display:inline-block}<\/style>\t\t\t\t\t\t\t\t\t\t<img fetchpriority=\"high\" decoding=\"async\" width=\"448\" height=\"141\" src=\"https:\/\/afluenciapodcast.com.br\/dev\/wp-content\/uploads\/2023\/08\/afluencia-logo.png\" class=\"attachment-large size-large wp-image-823\" alt=\"\" srcset=\"https:\/\/afluenciapodcast.com.br\/dev\/wp-content\/uploads\/2023\/08\/afluencia-logo.png 448w, https:\/\/afluenciapodcast.com.br\/dev\/wp-content\/uploads\/2023\/08\/afluencia-logo-300x94.png 300w\" sizes=\"(max-width: 448px) 100vw, 448px\" \/>\t\t\t\t\t\t\t\t\t\t\t\t\t<\/div>\n\t\t\t\t<\/div>\n\t\t\t\t<div class=\"elementor-element elementor-element-62896d9 elementor-widget__width-inherit elementor-widget elementor-widget-text-editor\" data-id=\"62896d9\" data-element_type=\"widget\" data-widget_type=\"text-editor.default\">\n\t\t\t\t<div class=\"elementor-widget-container\">\n\t\t\t<style>\/*! elementor - v3.21.0 - 18-04-2024 *\/\n.elementor-widget-text-editor.elementor-drop-cap-view-stacked .elementor-drop-cap{background-color:#69727d;color:#fff}.elementor-widget-text-editor.elementor-drop-cap-view-framed .elementor-drop-cap{color:#69727d;border:3px solid;background-color:transparent}.elementor-widget-text-editor:not(.elementor-drop-cap-view-default) .elementor-drop-cap{margin-top:8px}.elementor-widget-text-editor:not(.elementor-drop-cap-view-default) .elementor-drop-cap-letter{width:1em;height:1em}.elementor-widget-text-editor .elementor-drop-cap{float:left;text-align:center;line-height:1;font-size:50px}.elementor-widget-text-editor .elementor-drop-cap-letter{display:inline-block}<\/style>\t\t\t\t<p>O canal de podcasts da<br \/>Alian\u00e7a Francesa<\/p>\t\t\t\t\t\t<\/div>\n\t\t\t\t<\/div>\n\t\t\t\t<div class=\"elementor-element elementor-element-5db1a87 elementor-widget__width-inherit elementor-widget elementor-widget-text-editor\" data-id=\"5db1a87\" data-element_type=\"widget\" data-widget_type=\"text-editor.default\">\n\t\t\t\t<div class=\"elementor-widget-container\">\n\t\t\t\t\t\t\t<p><strong><a href=\"http:\/\/afluenciapodcast.com.br\/dev\/pagina-inicial\/\" data-wplink-url-error=\"true\">portugu\u00eas<\/a> | <a href=\"http:\/\/afluenciapodcast.com.br\/dev\/fr\/accueil\/\" data-wplink-url-error=\"true\">fran\u00e7ais<\/a><\/strong><\/p>\t\t\t\t\t\t<\/div>\n\t\t\t\t<\/div>\n\t\t\t\t\t<\/div>\n\t\t<\/div>\n\t\t\t\t\t<\/div>\n\t\t<\/section>\n\t\t\t\t<\/div>\n\t\t","protected":false},"excerpt":{"rendered":"<p>O canal de podcasts da Alian\u00e7a Francesa portugu\u00eas | fran\u00e7ais<\/p>\n","protected":false},"author":2,"featured_media":0,"parent":0,"menu_order":0,"comment_status":"closed","ping_status":"closed","template":"","meta":{"inline_featured_image":false,"footnotes":""},"class_list":["post-829","page","type-page","status-publish","hentry"],"aioseo_notices":[],"_links":{"self":[{"href":"https:\/\/afluenciapodcast.com.br\/dev\/wp-json\/wp\/v2\/pages\/829","targetHints":{"allow":["GET"]}}],"collection":[{"href":"https:\/\/afluenciapodcast.com.br\/dev\/wp-json\/wp\/v2\/pages"}],"about":[{"href":"https:\/\/afluenciapodcast.com.br\/dev\/wp-json\/wp\/v2\/types\/page"}],"author":[{"embeddable":true,"href":"https:\/\/afluenciapodcast.com.br\/dev\/wp-json\/wp\/v2\/users\/2"}],"replies":[{"embeddable":true,"href":"https:\/\/afluenciapodcast.com.br\/dev\/wp-json\/wp\/v2\/comments?post=829"}],"version-history":[{"count":38,"href":"https:\/\/afluenciapodcast.com.br\/dev\/wp-json\/wp\/v2\/pages\/829\/revisions"}],"predecessor-version":[{"id":1130,"href":"https:\/\/afluenciapodcast.com.br\/dev\/wp-json\/wp\/v2\/pages\/829\/revisions\/1130"}],"wp:attachment":[{"href":"https:\/\/afluenciapodcast.com.br\/dev\/wp-json\/wp\/v2\/media?parent=829"}],"curies":[{"name":"wp","href":"https:\/\/api.w.org\/{rel}","templated":true}]}}